{"id":25,"date":"2020-08-05T09:20:43","date_gmt":"2020-08-05T07:20:43","guid":{"rendered":"http:\/\/aturis.info\/conda\/?page_id=25"},"modified":"2020-09-30T09:57:32","modified_gmt":"2020-09-30T07:57:32","slug":"platzhalter","status":"publish","type":"page","link":"https:\/\/aturis.info\/conda\/","title":{"rendered":"Platzhalter"},"content":{"rendered":"<p>[et_pb_section fb_built=&#8220;1&#8243; admin_label=&#8220;Header&#8220; _builder_version=&#8220;4.5.0&#8243; use_background_color_gradient=&#8220;on&#8220; background_color_gradient_start=&#8220;rgba(224,11,53,0.51)&#8220; background_color_gradient_end=&#8220;#e01f20&#8243; background_color_gradient_type=&#8220;radial&#8220; background_color_gradient_direction_radial=&#8220;top right&#8220; background_image=&#8220;https:\/\/aturis.info\/conda\/wp-content\/uploads\/sites\/4\/2020\/08\/cyber-security-18.png&#8220; parallax=&#8220;on&#8220; custom_padding=&#8220;10vw||0px|||&#8220;][et_pb_row column_structure=&#8220;1_2,1_2&#8243; _builder_version=&#8220;4.6.1&#8243; z_index=&#8220;1&#8243;][et_pb_column type=&#8220;1_2&#8243; _builder_version=&#8220;3.25.1&#8243;][et_pb_image src=&#8220;https:\/\/aturis.info\/conda\/wp-content\/uploads\/sites\/4\/2020\/09\/idee-Conda-wei\u00df-3.png&#8220; _builder_version=&#8220;4.6.1&#8243; _module_preset=&#8220;default&#8220;][\/et_pb_image][et_pb_text _builder_version=&#8220;4.6.1&#8243; text_font=&#8220;Overpass|300|||||||&#8220; text_font_size=&#8220;26px&#8220; text_line_height=&#8220;1.8em&#8220; background_layout=&#8220;dark&#8220; custom_margin=&#8220;-35px|||||&#8220; custom_padding=&#8220;||8px|||&#8220; animation_style=&#8220;fold&#8220; text_font_size_tablet=&#8220;&#8220; text_font_size_phone=&#8220;14px&#8220; text_font_size_last_edited=&#8220;on|desktop&#8220; locked=&#8220;off&#8220;]<\/p>\n<p>\u00a0 \u00a0 \u00a0 \u00a0 \u00a0 \u00a0 \u00a0 \u00a0 \u00a0 \u00a0 \u00a0 schnell und \u00fcberall!<\/p>\n<p>[\/et_pb_text][et_pb_text _builder_version=&#8220;4.6.1&#8243; text_font=&#8220;||||||||&#8220; header_font=&#8220;Overpass|900|||||||&#8220; header_font_size=&#8220;66px&#8220; background_layout=&#8220;dark&#8220; width=&#8220;100%&#8220; animation_style=&#8220;fold&#8220; header_font_size_tablet=&#8220;54px&#8220; header_font_size_phone=&#8220;32px&#8220; header_font_size_last_edited=&#8220;on|desktop&#8220; locked=&#8220;off&#8220;]<\/p>\n<p>&nbsp;<\/p>\n<p>&nbsp;<\/p>\n<p>&nbsp;<\/p>\n<p>&nbsp;<\/p>\n<p>&nbsp;<\/p>\n<p>&nbsp;<\/p>\n<p>&nbsp;<\/p>\n<p>&nbsp;<\/p>\n<p>[\/et_pb_text][\/et_pb_column][et_pb_column type=&#8220;1_2&#8243; _builder_version=&#8220;4.5.0&#8243; _module_preset=&#8220;default&#8220;][et_pb_image src=&#8220;https:\/\/aturis.info\/conda\/wp-content\/uploads\/sites\/4\/2020\/09\/Devices-scaled.jpg&#8220; title_text=&#8220;Devices&#8220; _builder_version=&#8220;4.6.1&#8243; _module_preset=&#8220;default&#8220; animation_style=&#8220;zoom&#8220;][\/et_pb_image][\/et_pb_column][\/et_pb_row][\/et_pb_section][et_pb_section fb_built=&#8220;1&#8243; _builder_version=&#8220;4.5.0&#8243; _module_preset=&#8220;default&#8220;][et_pb_row column_structure=&#8220;1_2,1_2&#8243; _builder_version=&#8220;4.5.0&#8243; _module_preset=&#8220;default&#8220;][et_pb_column type=&#8220;1_2&#8243; _builder_version=&#8220;4.5.0&#8243; _module_preset=&#8220;default&#8220;][et_pb_image src=&#8220;https:\/\/aturis.info\/conda\/wp-content\/uploads\/sites\/4\/2020\/09\/4146961-scaled.jpg&#8220; title_text=&#8220;4146961&#8243; _builder_version=&#8220;4.6.1&#8243; _module_preset=&#8220;default&#8220; custom_padding=&#8220;||1px|||&#8220; animation_style=&#8220;zoom&#8220;][\/et_pb_image][\/et_pb_column][et_pb_column type=&#8220;1_2&#8243; _builder_version=&#8220;4.5.0&#8243; _module_preset=&#8220;default&#8220;][et_pb_text _builder_version=&#8220;4.6.1&#8243; _module_preset=&#8220;default&#8220; text_text_color=&#8220;#FFFFFF&#8220; text_font_size=&#8220;18px&#8220; header_2_text_color=&#8220;#FFFFFF&#8220; animation_style=&#8220;fold&#8220;]<\/p>\n<h2><span style=\"color: #000000;\"><strong>ATURIS.CONDA <\/strong><\/span><\/h2>\n<h2><span style=\"color: #000000;\"><strong>Wie funktioniert es?\u00a0<\/strong><\/span><\/h2>\n<p><span style=\"color: #000000;\"><strong><\/strong><\/span><\/p>\n<p><span style=\"color: #000000;\">Besucher Ihrer Einrichtung k\u00f6nnen sich bequem und kostenfrei unter der PWA<\/span><\/p>\n<p><span style=\"color: #000000;\"><a style=\"color: #000000;\" href=\"https:\/\/conda.aturis.com\">https:\/\/conda.aturis.com<\/a><\/span><\/p>\n<p><span style=\"color: #000000;\">mit ihren Kontaktdaten registrieren. Daraufhin wird ein individueller und verschl\u00fcsselter QR-Code generiert, der nur mit einem, mit Kamera ausgestatteten, Endger\u00e4t und einem von ATURIS zur Verf\u00fcgung gestellten Zugang ausgelesen werden kann. Eine schriftliche Registrierung ist nicht mehr notwendig. Beim Verlassen der Einrichtung muss der QR-Code erneut vorgezeigt und gescannt werden, um die Uhrzeit zu erfassen. Zudem kann jederzeit die Anzahl der tats\u00e4chlich im Raum befindlichen Personen abgerufen werden, was eine \u00dcberlastung der vorgeschriebenen Besucheranzahl ausschlie\u00dft.<\/span><\/p>\n<p>[\/et_pb_text][\/et_pb_column][\/et_pb_row][\/et_pb_section][et_pb_section fb_built=&#8220;1&#8243; admin_label=&#8220;Header&#8220; _builder_version=&#8220;4.5.0&#8243; use_background_color_gradient=&#8220;on&#8220; background_color_gradient_start=&#8220;rgba(224,11,53,0.51)&#8220; background_color_gradient_end=&#8220;#e01f20&#8243; background_color_gradient_type=&#8220;radial&#8220; background_color_gradient_direction_radial=&#8220;top right&#8220; background_image=&#8220;https:\/\/aturis.info\/conda\/wp-content\/uploads\/sites\/4\/2020\/08\/cyber-security-18.png&#8220; parallax=&#8220;on&#8220; custom_padding=&#8220;10vw||&#8220; locked=&#8220;off&#8220;][et_pb_row column_structure=&#8220;1_2,1_2&#8243; _builder_version=&#8220;4.5.0&#8243; _module_preset=&#8220;default&#8220; locked=&#8220;off&#8220;][et_pb_column type=&#8220;1_2&#8243; _builder_version=&#8220;4.5.0&#8243; _module_preset=&#8220;default&#8220;][et_pb_text _builder_version=&#8220;4.6.1&#8243; _module_preset=&#8220;default&#8220; text_text_color=&#8220;#FFFFFF&#8220; text_font_size=&#8220;18px&#8220; header_2_text_color=&#8220;#FFFFFF&#8220; animation_style=&#8220;fold&#8220;]<\/p>\n<h2><strong>ATURIS.CONDA &#8211; Mit wenig Aufwand auf der sicheren Seite!<\/strong><\/h2>\n<p><strong><\/strong><\/p>\n<p style=\"text-align: left;\">Es hat sich einiges ver\u00e4ndert seitdem die COVID-19-Pandemie unseren Alltag bestimmt und ein einzelner Virus alles auf den Kopf stellt.<\/p>\n<p style=\"text-align: left;\">In vielen Bundesl\u00e4ndern ist die Kontaktnachverfolgung bzw. Kontakterfassung f\u00fcr alle Besucher \u00f6ffentlicher Veranstaltungen sowie von \u00f6ffentlichen Angeboten und Einrichtungen mit Publikumsverkehr in geschlossenen R\u00e4umen und Gastst\u00e4tten erforderlich.<\/p>\n<p style=\"text-align: left;\">Was bedeutet das f\u00fcr Ihr Unternehmen?<\/p>\n<p style=\"text-align: left;\">Eines mit ziemlicher Sicherheit: einen erheblichen Mehraufwand, der viel Zeit und Dokumentation beinhaltet!<\/p>\n<p style=\"text-align: left;\">Wir k\u00f6nnen Ihnen helfen!<\/p>\n<p style=\"text-align: left;\">Mit unserem System ATURIS.CONDA sparen Sie nicht nur Zeit und Papier, sondern k\u00f6nnen sicherstellen, dass die Daten rechtskonform nach der vorgeschriebenen Aufbewahrungsfrist gel\u00f6scht werden.<\/p>\n<p>[\/et_pb_text][\/et_pb_column][et_pb_column type=&#8220;1_2&#8243; _builder_version=&#8220;4.5.0&#8243; _module_preset=&#8220;default&#8220;][et_pb_image src=&#8220;https:\/\/aturis.info\/conda\/wp-content\/uploads\/sites\/4\/2020\/09\/3625655.jpg&#8220; title_text=&#8220;3625655&#8243; _builder_version=&#8220;4.6.1&#8243; _module_preset=&#8220;default&#8220; animation_style=&#8220;zoom&#8220;][\/et_pb_image][\/et_pb_column][\/et_pb_row][et_pb_row column_structure=&#8220;1_2,1_2&#8243; _builder_version=&#8220;3.25.1&#8243; z_index=&#8220;0&#8243; width=&#8220;100%&#8220; max_width=&#8220;none&#8220;][et_pb_column type=&#8220;1_2&#8243; _builder_version=&#8220;3.25.1&#8243;][\/et_pb_column][et_pb_column type=&#8220;1_2&#8243; _builder_version=&#8220;3.25.1&#8243;][\/et_pb_column][\/et_pb_row][\/et_pb_section][et_pb_section fb_built=&#8220;1&#8243; admin_label=&#8220;Features&#8220; _builder_version=&#8220;3.25.1&#8243;][et_pb_row column_structure=&#8220;1_2,1_2&#8243; _builder_version=&#8220;4.5.0&#8243; _module_preset=&#8220;default&#8220;][et_pb_column type=&#8220;1_2&#8243; _builder_version=&#8220;4.5.0&#8243; _module_preset=&#8220;default&#8220;][et_pb_image src=&#8220;https:\/\/aturis.info\/conda\/wp-content\/uploads\/sites\/4\/2020\/09\/2840443.jpg&#8220; title_text=&#8220;2840443&#8243; _builder_version=&#8220;4.6.1&#8243; _module_preset=&#8220;default&#8220; animation_style=&#8220;zoom&#8220;][\/et_pb_image][\/et_pb_column][et_pb_column type=&#8220;1_2&#8243; _builder_version=&#8220;4.5.0&#8243; _module_preset=&#8220;default&#8220;][et_pb_text _builder_version=&#8220;4.6.1&#8243; _module_preset=&#8220;default&#8220; text_font_size=&#8220;18px&#8220; animation_style=&#8220;fold&#8220;]<\/p>\n<h2><strong>ATURIS.CONDA <\/strong><\/h2>\n<h2><strong>Weniger Papier &#8211; gut f\u00fcr die Umwelt!<\/strong><\/h2>\n<p><strong><\/strong><\/p>\n<p>Durch die schriftliche Erfassung aller Besucher wird nicht nur ein Gro\u00dfteil Ihrer Zeit gefordert, es belastet durch den enormen Verbrauch an Papier auch noch die Umwelt.<\/p>\n<p>ATURIS.CONDA erfasst Ihre Daten zu 100 % in digitaler Form. Das wird auch Ihre Besucher freuen, denn lange Warteschlangen bis zur Registrierung und das Eintragen der Daten von Hand entfallen.<\/p>\n<p>[\/et_pb_text][\/et_pb_column][\/et_pb_row][\/et_pb_section][et_pb_section fb_built=&#8220;1&#8243; admin_label=&#8220;Header&#8220; _builder_version=&#8220;4.6.1&#8243; use_background_color_gradient=&#8220;on&#8220; background_color_gradient_start=&#8220;rgba(224,11,53,0.51)&#8220; background_color_gradient_end=&#8220;#e01f20&#8243; background_color_gradient_type=&#8220;radial&#8220; background_color_gradient_direction_radial=&#8220;top right&#8220; background_image=&#8220;https:\/\/aturis.info\/conda\/wp-content\/uploads\/sites\/4\/2020\/08\/cyber-security-18.png&#8220; parallax=&#8220;on&#8220; custom_padding=&#8220;10vw||&#8220; locked=&#8220;off&#8220;][et_pb_row column_structure=&#8220;1_2,1_2&#8243; _builder_version=&#8220;4.5.0&#8243; z_index=&#8220;1&#8243;][et_pb_column type=&#8220;1_2&#8243; _builder_version=&#8220;3.25.1&#8243;][et_pb_text _builder_version=&#8220;4.6.1&#8243; _module_preset=&#8220;default&#8220; text_font_size=&#8220;18px&#8220; custom_padding=&#8220;||1px|||&#8220; animation_style=&#8220;fold&#8220;]<\/p>\n<h2><span style=\"color: #ffffff;\"><strong>ATURIS.CONDA <\/strong><\/span><\/h2>\n<h2><span style=\"color: #ffffff;\">Datenschutz garantiert!<\/span><\/h2>\n<p><span style=\"color: #ffffff;\"><strong><\/strong><\/span><\/p>\n<p><span style=\"color: #ffffff;\">Die generierten Kontaktdaten werden verschl\u00fcsselt und werden nicht auf einem Server gespeichert. Nach der vorgeschriebenen Zeit von 4 Wochen werden sie automatisch wieder gel\u00f6scht.<\/span><\/p>\n<p><span style=\"color: #ffffff;\">Da nur Gesundheits\u00e4mter die vollst\u00e4ndigen Daten erfragen k\u00f6nnen, sind f\u00fcr Sie als Unternehmen nur Vor- und Zuname ersichtlich, um datenschutzrechtliche Konformit\u00e4t zu gew\u00e4hrleisten.<\/span><\/p>\n<p>[\/et_pb_text][\/et_pb_column][et_pb_column type=&#8220;1_2&#8243; _builder_version=&#8220;4.5.0&#8243; _module_preset=&#8220;default&#8220;][et_pb_image src=&#8220;https:\/\/aturis.info\/conda\/wp-content\/uploads\/sites\/4\/2020\/09\/3567818-scaled.jpg&#8220; title_text=&#8220;3567818&#8243; _builder_version=&#8220;4.6.1&#8243; _module_preset=&#8220;default&#8220; animation_style=&#8220;zoom&#8220;][\/et_pb_image][\/et_pb_column][\/et_pb_row][et_pb_row column_structure=&#8220;1_2,1_2&#8243; _builder_version=&#8220;3.25.1&#8243; z_index=&#8220;0&#8243; width=&#8220;100%&#8220; max_width=&#8220;none&#8220;][et_pb_column type=&#8220;1_2&#8243; _builder_version=&#8220;3.25.1&#8243;][\/et_pb_column][et_pb_column type=&#8220;1_2&#8243; _builder_version=&#8220;3.25.1&#8243;][\/et_pb_column][\/et_pb_row][\/et_pb_section][et_pb_section fb_built=&#8220;1&#8243; admin_label=&#8220;Features&#8220; _builder_version=&#8220;3.25.1&#8243; locked=&#8220;off&#8220;][et_pb_row column_structure=&#8220;1_2,1_2&#8243; _builder_version=&#8220;4.5.0&#8243; _module_preset=&#8220;default&#8220;][et_pb_column type=&#8220;1_2&#8243; _builder_version=&#8220;4.5.0&#8243; _module_preset=&#8220;default&#8220;][et_pb_image src=&#8220;https:\/\/aturis.info\/conda\/wp-content\/uploads\/sites\/4\/2020\/09\/4025187-1.jpg&#8220; title_text=&#8220;4025187&#8243; _builder_version=&#8220;4.6.1&#8243; _module_preset=&#8220;default&#8220; animation_style=&#8220;zoom&#8220;][\/et_pb_image][\/et_pb_column][et_pb_column type=&#8220;1_2&#8243; _builder_version=&#8220;4.6.1&#8243; _module_preset=&#8220;default&#8220;][et_pb_contact_form email=&#8220;info@aturis.com&#8220; title=&#8220;Treten Sie mit uns in Kontakt!&#8220; success_message=&#8220;Wir haben Ihre Anfrage erhalten und werden sie umgehend bearbeiten. Wir werden uns mit Ihnen in Verbindung setzen.&#8220; submit_button_text=&#8220;Absenden&#8220; _builder_version=&#8220;4.6.1&#8243; _module_preset=&#8220;default&#8220; animation_style=&#8220;fold&#8220; border_color_all=&#8220;#e01f45&#8243;][et_pb_contact_field field_id=&#8220;Name&#8220; field_title=&#8220;Name&#8220; _builder_version=&#8220;3.16&#8243; button_text_size__hover_enabled=&#8220;off&#8220; button_one_text_size__hover_enabled=&#8220;off&#8220; button_two_text_size__hover_enabled=&#8220;off&#8220; button_text_color__hover_enabled=&#8220;off&#8220; button_one_text_color__hover_enabled=&#8220;off&#8220; button_two_text_color__hover_enabled=&#8220;off&#8220; button_border_width__hover_enabled=&#8220;off&#8220; button_one_border_width__hover_enabled=&#8220;off&#8220; button_two_border_width__hover_enabled=&#8220;off&#8220; button_border_color__hover_enabled=&#8220;off&#8220; button_one_border_color__hover_enabled=&#8220;off&#8220; button_two_border_color__hover_enabled=&#8220;off&#8220; button_border_radius__hover_enabled=&#8220;off&#8220; button_one_border_radius__hover_enabled=&#8220;off&#8220; button_two_border_radius__hover_enabled=&#8220;off&#8220; button_letter_spacing__hover_enabled=&#8220;off&#8220; button_one_letter_spacing__hover_enabled=&#8220;off&#8220; button_two_letter_spacing__hover_enabled=&#8220;off&#8220; button_bg_color__hover_enabled=&#8220;off&#8220; button_one_bg_color__hover_enabled=&#8220;off&#8220; button_two_bg_color__hover_enabled=&#8220;off&#8220;][\/et_pb_contact_field][et_pb_contact_field field_id=&#8220;Email&#8220; field_title=&#8220;E-Mail-Adresse&#8220; field_type=&#8220;email&#8220; _builder_version=&#8220;3.16&#8243; button_text_size__hover_enabled=&#8220;off&#8220; button_one_text_size__hover_enabled=&#8220;off&#8220; button_two_text_size__hover_enabled=&#8220;off&#8220; button_text_color__hover_enabled=&#8220;off&#8220; button_one_text_color__hover_enabled=&#8220;off&#8220; button_two_text_color__hover_enabled=&#8220;off&#8220; button_border_width__hover_enabled=&#8220;off&#8220; button_one_border_width__hover_enabled=&#8220;off&#8220; button_two_border_width__hover_enabled=&#8220;off&#8220; button_border_color__hover_enabled=&#8220;off&#8220; button_one_border_color__hover_enabled=&#8220;off&#8220; button_two_border_color__hover_enabled=&#8220;off&#8220; button_border_radius__hover_enabled=&#8220;off&#8220; button_one_border_radius__hover_enabled=&#8220;off&#8220; button_two_border_radius__hover_enabled=&#8220;off&#8220; button_letter_spacing__hover_enabled=&#8220;off&#8220; button_one_letter_spacing__hover_enabled=&#8220;off&#8220; button_two_letter_spacing__hover_enabled=&#8220;off&#8220; button_bg_color__hover_enabled=&#8220;off&#8220; button_one_bg_color__hover_enabled=&#8220;off&#8220; button_two_bg_color__hover_enabled=&#8220;off&#8220;][\/et_pb_contact_field][et_pb_contact_field field_id=&#8220;Message&#8220; field_title=&#8220;Nachricht&#8220; field_type=&#8220;text&#8220; fullwidth_field=&#8220;on&#8220; _builder_version=&#8220;3.16&#8243; button_text_size__hover_enabled=&#8220;off&#8220; button_one_text_size__hover_enabled=&#8220;off&#8220; button_two_text_size__hover_enabled=&#8220;off&#8220; button_text_color__hover_enabled=&#8220;off&#8220; button_one_text_color__hover_enabled=&#8220;off&#8220; button_two_text_color__hover_enabled=&#8220;off&#8220; button_border_width__hover_enabled=&#8220;off&#8220; button_one_border_width__hover_enabled=&#8220;off&#8220; button_two_border_width__hover_enabled=&#8220;off&#8220; button_border_color__hover_enabled=&#8220;off&#8220; button_one_border_color__hover_enabled=&#8220;off&#8220; button_two_border_color__hover_enabled=&#8220;off&#8220; button_border_radius__hover_enabled=&#8220;off&#8220; button_one_border_radius__hover_enabled=&#8220;off&#8220; button_two_border_radius__hover_enabled=&#8220;off&#8220; button_letter_spacing__hover_enabled=&#8220;off&#8220; button_one_letter_spacing__hover_enabled=&#8220;off&#8220; button_two_letter_spacing__hover_enabled=&#8220;off&#8220; button_bg_color__hover_enabled=&#8220;off&#8220; button_one_bg_color__hover_enabled=&#8220;off&#8220; button_two_bg_color__hover_enabled=&#8220;off&#8220;][\/et_pb_contact_field][\/et_pb_contact_form][\/et_pb_column][\/et_pb_row][\/et_pb_section][et_pb_section fb_built=&#8220;1&#8243; next_background_color=&#8220;#ffffff&#8220; admin_label=&#8220;Feature&#8220; _builder_version=&#8220;4.6.1&#8243; background_image=&#8220;https:\/\/aturis.info\/conda\/wp-content\/uploads\/sites\/4\/2020\/08\/cyber-security-18.png&#8220; background_size=&#8220;contain&#8220; background_position=&#8220;top_left&#8220; background_blend=&#8220;screen&#8220; overflow-x=&#8220;hidden&#8220; overflow-y=&#8220;hidden&#8220; custom_margin=&#8220;||&#8220; custom_padding=&#8220;0vw|||||&#8220; top_divider_height=&#8220;26vw&#8220; top_divider_flip=&#8220;horizontal&#8220; bottom_divider_style=&#8220;asymmetric&#8220; bottom_divider_height=&#8220;22vw&#8220;][et_pb_row column_structure=&#8220;1_2,1_2&#8243; _builder_version=&#8220;3.25.3&#8243;][et_pb_column type=&#8220;1_2&#8243; _builder_version=&#8220;3.25.3&#8243;][et_pb_text _builder_version=&#8220;4.6.1&#8243; text_font=&#8220;Overpass|300|||||||&#8220; text_text_color=&#8220;#000000&#8243; text_font_size=&#8220;17px&#8220; text_line_height=&#8220;1.8em&#8220; header_text_color=&#8220;#000000&#8243; background_layout=&#8220;dark&#8220; width=&#8220;77.8%&#8220; animation_style=&#8220;fold&#8220; text_font_size_tablet=&#8220;&#8220; text_font_size_phone=&#8220;14px&#8220; text_font_size_last_edited=&#8220;on|desktop&#8220; locked=&#8220;off&#8220;]<\/p>\n<h1><strong>Impressum<\/strong><\/h1>\n<p><strong><\/strong><\/p>\n<p><strong>ATURIS.<\/strong><br \/> Sebastian Gerecke<br \/> Bochumer Stra\u00dfe 22<br \/> 99734 Nordhausen<\/p>\n<p>Telefon: 03631 474800<br \/> Telefax: 03631 474801<\/p>\n<p>E-Mail:\u00a0<a data-cke-saved-href=\"javascript:linkTo_UnCryptMailto('nbjmup+jogpAbuvsjt\/dpn');\" title=\"Opens window for sending email\">info@aturis.com<\/a><br \/> Website:\u00a0<a data-cke-saved-href=\"https:\/\/www.aturis.com\/nc\/it-dienstleistungen-im-bereich-web-und-anwendungsentwicklung\/\" href=\"https:\/\/www.aturis.com\/nc\/it-dienstleistungen-im-bereich-web-und-anwendungsentwicklung\/\" title=\"Opens internal link in current window\">www.aturis.com<\/a><\/p>\n<p>USt.-Id Nr.: DE 232 99 62 27<\/p>\n<p>[\/et_pb_text][\/et_pb_column][et_pb_column type=&#8220;1_2&#8243; _builder_version=&#8220;3.25.3&#8243; custom_padding=&#8220;||&#8220;][et_pb_text _builder_version=&#8220;4.6.1&#8243; _module_preset=&#8220;default&#8220; text_text_color=&#8220;#000000&#8243; animation_style=&#8220;fold&#8220;]<\/p>\n<h3><strong>Alle Rechte vorbehalten.<\/strong><\/h3>\n<p>Inhalt und Struktur der Website sind urheberrechtlich gesch\u00fctzt. Die Vervielf\u00e4ltigung s\u00e4mtlicher Inhalte und Strukturelemente, insbesondere Texte, Textteile, Bildmaterial, Grafiken und Designelemente, soweit sie schutzf\u00e4hig im Sinne des deutschen Urheberrechts sind, zu anderem als zum privaten oder sonstigen eigenen Gebrauch sowie deren Verbreitung und Ver\u00f6ffentlichung bedarf der vorherigen schriftlichen Zustimmung durch uns.<\/p>\n<p>Wir pr\u00fcfen und aktualisieren die Inhalte auf dieser Website regelm\u00e4\u00dfig. Trotz aller Sorgfalt k\u00f6nnen sich inzwischen \u00c4nderungen ergeben haben. Eine Garantie oder sonstige Haftung f\u00fcr Aktualit\u00e4t und Vollst\u00e4ndigkeit der zur Verf\u00fcgung gestellten Inhalte kann daher nicht \u00fcbernommen werden.<\/p>\n<p>Gleiches gilt auch f\u00fcr alle externen Websites, auf die mittels Hyperlinks aus unserem Angebot verwiesen wird.<\/p>\n<p>Wir sind f\u00fcr die Inhalte externer Websites, die der Nutzer durch Aktivierung eines solchen Links erreicht, nicht verantwortlich.<\/p>\n<p>Downloads erfolgen auf eigene Gefahr. Wir k\u00f6nnen keine Gew\u00e4hr f\u00fcr den Erfolg der Downloads sowie die Funktionsf\u00e4higkeit downgeloadeter Produkte auf Ihrem System \u00fcbernehmen. Bei Problemen wenden Sie sich bitte an info@aturis.com.<\/p>\n<p>S\u00e4mtliche Downloads werden von uns einer Virenpr\u00fcfung unterzogen. Wir haften f\u00fcr Sch\u00e4den und Beeintr\u00e4chtigungen, insbesondere durch Computerviren, nur im Falle von Vorsatz und grober Fahrl\u00e4ssigkeit. Dies gilt auch f\u00fcr Folgesch\u00e4den, wie z.B. Datenverlust.<\/p>\n<p>Downloads berechtigen nur zum privaten oder sonstigen eigenen Gebrauch der zum Download angebotenen Produkte und Dokumente sowie davon hergestellter Vervielf\u00e4ltigungsst\u00fccke. Eine dar\u00fcber hinausgehende Nutzung bedarf der vorherigen schriftlichen Genehmigung durch uns.<\/p>\n<p>&nbsp;<\/p>\n<p>Quelle:\u00a0<a title=\"Datenschutzbeauftragter INFO\" href=\"http:\/\/www.datenschutzbeauftragter-info.de\/\" target=\"_blank\" rel=\"noopener noreferrer\" data-cke-saved-href=\"http:\/\/www.datenschutzbeauftragter-info.de\/\">www.datenschutzbeauftragter-info.de<\/a><\/p>\n<p>[\/et_pb_text][\/et_pb_column][\/et_pb_row][\/et_pb_section]<\/p>\n","protected":false},"excerpt":{"rendered":"<p>\u00a0 \u00a0 \u00a0 \u00a0 \u00a0 \u00a0 \u00a0 \u00a0 \u00a0 \u00a0 \u00a0 schnell und \u00fcberall!&nbsp; &nbsp; &nbsp; &nbsp; &nbsp; &nbsp; &nbsp; &nbsp;ATURIS.CONDA Wie funktioniert es?\u00a0 Besucher Ihrer Einrichtung k\u00f6nnen sich bequem und kostenfrei unter der PWA https:\/\/conda.aturis.com mit ihren Kontaktdaten registrieren. Daraufhin wird ein individueller und verschl\u00fcsselter QR-Code generiert, der nur mit einem, mit Kamera ausgestatteten, [&hellip;]<\/p>\n","protected":false},"author":2,"featured_media":0,"parent":0,"menu_order":0,"comment_status":"closed","ping_status":"closed","template":"","meta":{"_et_pb_use_builder":"on","_et_pb_old_content":"","_et_gb_content_width":""},"_links":{"self":[{"href":"https:\/\/aturis.info\/conda\/wp-json\/wp\/v2\/pages\/25"}],"collection":[{"href":"https:\/\/aturis.info\/conda\/wp-json\/wp\/v2\/pages"}],"about":[{"href":"https:\/\/aturis.info\/conda\/wp-json\/wp\/v2\/types\/page"}],"author":[{"embeddable":true,"href":"https:\/\/aturis.info\/conda\/wp-json\/wp\/v2\/users\/2"}],"replies":[{"embeddable":true,"href":"https:\/\/aturis.info\/conda\/wp-json\/wp\/v2\/comments?post=25"}],"version-history":[{"count":2,"href":"https:\/\/aturis.info\/conda\/wp-json\/wp\/v2\/pages\/25\/revisions"}],"predecessor-version":[{"id":138,"href":"https:\/\/aturis.info\/conda\/wp-json\/wp\/v2\/pages\/25\/revisions\/138"}],"wp:attachment":[{"href":"https:\/\/aturis.info\/conda\/wp-json\/wp\/v2\/media?parent=25"}],"curies":[{"name":"wp","href":"https:\/\/api.w.org\/{rel}","templated":true}]}}